{"id":1526,"date":"2023-05-25T13:41:19","date_gmt":"2023-05-25T11:41:19","guid":{"rendered":"http:\/\/localhost\/wordpress\/?page_id=1526"},"modified":"2023-05-25T14:02:12","modified_gmt":"2023-05-25T12:02:12","slug":"gdpr","status":"publish","type":"page","link":"https:\/\/vucna-sluzba-dundy.hr\/en\/gdpr\/","title":{"rendered":"gdpr"},"content":{"rendered":"<div data-elementor-type=\"wp-page\" data-elementor-id=\"1526\" class=\"elementor elementor-1526\">\n\t\t\t\t\t\t<section class=\"elementor-section elementor-top-section elementor-element elementor-element-b2801cd elementor-section-boxed elementor-section-height-default elementor-section-height-default\" data-id=\"b2801cd\" data-element_type=\"section\">\n\t\t\t\t\t\t<div class=\"elementor-container elementor-column-gap-default\">\n\t\t\t\t\t<div class=\"elementor-column elementor-col-100 elementor-top-column elementor-element elementor-element-0a85279\" data-id=\"0a85279\" data-element_type=\"column\">\n\t\t\t<div class=\"elementor-widget-wrap elementor-element-populated\">\n\t\t\t\t\t\t<div class=\"elementor-element elementor-element-d290ade elementor-widget-divider--view-line elementor-widget elementor-widget-divider\" data-id=\"d290ade\" data-element_type=\"widget\" data-widget_type=\"divider.default\">\n\t\t\t\t<div class=\"elementor-widget-container\">\n\t\t\t\t\t\t\t<div class=\"elementor-divider\">\n\t\t\t<span class=\"elementor-divider-separator\">\n\t\t\t\t\t\t<\/span>\n\t\t<\/div>\n\t\t\t\t\t\t<\/div>\n\t\t\t\t<\/div>\n\t\t\t\t\t<\/div>\n\t\t<\/div>\n\t\t\t\t\t<\/div>\n\t\t<\/section>\n\t\t\t\t<section class=\"elementor-section elementor-top-section elementor-element elementor-element-5945c1c elementor-section-boxed elementor-section-height-default elementor-section-height-default\" data-id=\"5945c1c\" data-element_type=\"section\">\n\t\t\t\t\t\t<div class=\"elementor-container elementor-column-gap-default\">\n\t\t\t\t\t<div class=\"elementor-column elementor-col-100 elementor-top-column elementor-element elementor-element-4a6aee9\" data-id=\"4a6aee9\" data-element_type=\"column\">\n\t\t\t<div class=\"elementor-widget-wrap elementor-element-populated\">\n\t\t\t\t\t\t<div class=\"elementor-element elementor-element-2f256a4 elementor-widget elementor-widget-heading\" data-id=\"2f256a4\" data-element_type=\"widget\" data-widget_type=\"heading.default\">\n\t\t\t\t<div class=\"elementor-widget-container\">\n\t\t\t\t\t<h4 class=\"elementor-heading-title elementor-size-default\">Privacy policy and collection of cookies<\/h4>\t\t\t\t<\/div>\n\t\t\t\t<\/div>\n\t\t\t\t\t<\/div>\n\t\t<\/div>\n\t\t\t\t\t<\/div>\n\t\t<\/section>\n\t\t\t\t<section class=\"elementor-section elementor-top-section elementor-element elementor-element-5312bef elementor-section-boxed elementor-section-height-default elementor-section-height-default\" data-id=\"5312bef\" data-element_type=\"section\" data-settings=\"{&quot;background_background&quot;:&quot;classic&quot;}\">\n\t\t\t\t\t\t<div class=\"elementor-container elementor-column-gap-default\">\n\t\t\t\t\t<div class=\"elementor-column elementor-col-100 elementor-top-column elementor-element elementor-element-46f99c0\" data-id=\"46f99c0\" data-element_type=\"column\">\n\t\t\t<div class=\"elementor-widget-wrap elementor-element-populated\">\n\t\t\t\t\t\t<div class=\"elementor-element elementor-element-0c16d1f elementor-widget elementor-widget-text-editor\" data-id=\"0c16d1f\" data-element_type=\"widget\" data-widget_type=\"text-editor.default\">\n\t\t\t\t<div class=\"elementor-widget-container\">\n\t\t\t\t\t\t\t\t\t<p>We care about your privacy. We implement the GDPR (General Data Protection Regulation) and ask you to read the privacy policy so you know what information we save and use. We use the information we collect to improve our site for a better user experience, and to update and adapt everything to your needs. We use your data only for the purpose of contacting you and will not share it anywhere. We do not rent or sell your personal data to third parties. We do not share any personal data of our users with any third party.<\/p>\n<div>We use the data in order to: - establish communication or respond to your inquiries through our contact form.<br>\n- to monitor visits to our site with the help of Google analytics tools - to monitor visits on our Facebook page with the help of Facebook Pixel.<br>What cookies are?&nbsp;<\/div><div>A cookie is a small text file that is stored on a computer or mobile device when you visit a certain website. With the help of cookies, the website remembers your actions and preferences (such as login, language, font size and other preferences related to display) for a long period of time, so it is not necessary to re-enter them every time you return to the website or browse. its different pages.\nWe use cookies to collect user data for the purpose of improving the quality of the content. We use cookies from the Google analytics tool to track visits to our site. This information enables us to provide feedback on the visibility of our site on Internet browsers. While the Facebook Pixel cookies allow us to see how our site is visited through posts on our Facebook profile.\nThe first time you visit our site, a notification about the collection of cookies will appear. By agreeing to this notice, you understand and accept our rules on the collection of personal data. By refusing, you block access to our analytical tools, that is, you prevent our site from storing your data. You can also access cookie settings within your internet browser. If, after the initial consent or rejection of cookies on our site, you want to change your choice, clear the cookies in your browser, and we will offer you a choice on your first new visit to our site.\n<\/div>\t\t\t\t\t\t\t\t<\/div>\n\t\t\t\t<\/div>\n\t\t\t\t\t<\/div>\n\t\t<\/div>\n\t\t\t\t\t<\/div>\n\t\t<\/section>\n\t\t\t\t<\/div>","protected":false},"excerpt":{"rendered":"<p>Pravila o za\u0161titi privatnosti i prikupljanje kola\u010di\u0107a Brinemo o Va\u0161oj privatnosti. Implementiramo regulaciju GDPR (General Data Protection Regulation) te molimo da pro\u010ditate pravila o privatnosti kako bi znali koje informacije spremamo i koristimo.Informacije koje prikupljamo koristimo kako bi pobolj\u0161ali svoju stranicu za bolje korisni\u010dko iskustvo, te kako bi sve a\u017eurirali i prilagodili Va\u0161im potrebama. Va\u0161e [&hellip;]<\/p>","protected":false},"author":1,"featured_media":0,"parent":0,"menu_order":0,"comment_status":"closed","ping_status":"closed","template":"","meta":{"site-sidebar-layout":"no-sidebar","site-content-layout":"page-builder","ast-site-content-layout":"","site-content-style":"default","site-sidebar-style":"default","ast-global-header-display":"","ast-banner-title-visibility":"","ast-main-header-display":"","ast-hfb-above-header-display":"","ast-hfb-below-header-display":"","ast-hfb-mobile-header-display":"","site-post-title":"disabled","ast-breadcrumbs-content":"","ast-featured-img":"disabled","footer-sml-layout":"","theme-transparent-header-meta":"","adv-header-id-meta":"","stick-header-meta":"","header-above-stick-meta":"","header-main-stick-meta":"","header-below-stick-meta":"","astra-migrate-meta-layouts":"default","ast-page-background-enabled":"default","ast-page-background-meta":{"desktop":{"background-color":"","background-image":"","background-repeat":"repeat","background-position":"center center","background-size":"auto","background-attachment":"scroll","background-type":"","background-media":"","overlay-type":"","overlay-color":"","overlay-opacity":"","overlay-gradient":""},"tablet":{"background-color":"","background-image":"","background-repeat":"repeat","background-position":"center center","background-size":"auto","background-attachment":"scroll","background-type":"","background-media":"","overlay-type":"","overlay-color":"","overlay-opacity":"","overlay-gradient":""},"mobile":{"background-color":"","background-image":"","background-repeat":"repeat","background-position":"center center","background-size":"auto","background-attachment":"scroll","background-type":"","background-media":"","overlay-type":"","overlay-color":"","overlay-opacity":"","overlay-gradient":""}},"ast-content-background-meta":{"desktop":{"background-color":"var(--ast-global-color-5)","background-image":"","background-repeat":"repeat","background-position":"center center","background-size":"auto","background-attachment":"scroll","background-type":"","background-media":"","overlay-type":"","overlay-color":"","overlay-opacity":"","overlay-gradient":""},"tablet":{"background-color":"var(--ast-global-color-5)","background-image":"","background-repeat":"repeat","background-position":"center center","background-size":"auto","background-attachment":"scroll","background-type":"","background-media":"","overlay-type":"","overlay-color":"","overlay-opacity":"","overlay-gradient":""},"mobile":{"background-color":"var(--ast-global-color-5)","background-image":"","background-repeat":"repeat","background-position":"center center","background-size":"auto","background-attachment":"scroll","background-type":"","background-media":"","overlay-type":"","overlay-color":"","overlay-opacity":"","overlay-gradient":""}},"footnotes":""},"class_list":["post-1526","page","type-page","status-publish","hentry"],"aioseo_notices":[],"_links":{"self":[{"href":"https:\/\/vucna-sluzba-dundy.hr\/en\/wp-json\/wp\/v2\/pages\/1526","targetHints":{"allow":["GET"]}}],"collection":[{"href":"https:\/\/vucna-sluzba-dundy.hr\/en\/wp-json\/wp\/v2\/pages"}],"about":[{"href":"https:\/\/vucna-sluzba-dundy.hr\/en\/wp-json\/wp\/v2\/types\/page"}],"author":[{"embeddable":true,"href":"https:\/\/vucna-sluzba-dundy.hr\/en\/wp-json\/wp\/v2\/users\/1"}],"replies":[{"embeddable":true,"href":"https:\/\/vucna-sluzba-dundy.hr\/en\/wp-json\/wp\/v2\/comments?post=1526"}],"version-history":[{"count":0,"href":"https:\/\/vucna-sluzba-dundy.hr\/en\/wp-json\/wp\/v2\/pages\/1526\/revisions"}],"wp:attachment":[{"href":"https:\/\/vucna-sluzba-dundy.hr\/en\/wp-json\/wp\/v2\/media?parent=1526"}],"curies":[{"name":"wp","href":"https:\/\/api.w.org\/{rel}","templated":true}]}}